{"id":46764,"date":"2020-05-09T01:37:42","date_gmt":"2020-05-09T05:37:42","guid":{"rendered":"https:\/\/support.sinopetech.com\/thermostat\/articles\/zigbee-or-mi-wi-signal-interference-possible-causes-and-solutions\/"},"modified":"2026-04-21T11:10:52","modified_gmt":"2026-04-21T15:10:52","slug":"zigbee-interferences","status":"publish","type":"page","link":"https:\/\/support.sinopetech.com\/en\/zigbee-interferences\/","title":{"rendered":"Zigbee or Mi-Wi Signal Interference: Possible Causes and Solutions"},"content":{"rendered":"\t\t<div data-elementor-type=\"wp-page\" data-elementor-id=\"46764\" class=\"elementor elementor-46764 elementor-721\" data-elementor-post-type=\"page\">\n\t\t\t\t<div class=\"elementor-element elementor-element-4a399002 e-flex e-con-boxed e-con e-parent\" data-id=\"4a399002\" data-element_type=\"container\" data-e-type=\"container\">\n\t\t\t\t\t<div class=\"e-con-inner\">\n\t\t\t\t<div class=\"elementor-element elementor-element-31b7a2d5 elementor-widget elementor-widget-shortcode\" data-id=\"31b7a2d5\" data-element_type=\"widget\" data-e-type=\"widget\" data-widget_type=\"shortcode.default\">\n\t\t\t\t<div class=\"elementor-widget-container\">\n\t\t\t\t\t\t\t<div class=\"elementor-shortcode\"><h1>Zigbee or Mi-Wi Signal Interference: Possible Causes and Solutions<\/h1><\/div>\n\t\t\t\t\t\t<\/div>\n\t\t\t\t<\/div>\n\t\t\t\t\t<\/div>\n\t\t\t\t<\/div>\n\t\t<div class=\"elementor-element elementor-element-3d286301 e-flex e-con-boxed e-con e-parent\" data-id=\"3d286301\" data-element_type=\"container\" data-e-type=\"container\">\n\t\t\t\t\t<div class=\"e-con-inner\">\n\t\t\t\t<div class=\"elementor-element elementor-element-118c1474 elementor-widget elementor-widget-text-editor\" data-id=\"118c1474\" data-element_type=\"widget\" data-e-type=\"widget\" data-widget_type=\"text-editor.default\">\n\t\t\t\t<div class=\"elementor-widget-container\">\n\t\t\t\t\t\t\t\t\t<p>RF or Wi-Fi interference can cause slowdowns and disconnections. They often come from devices like microwaves, mobile phones, or high-voltage lines, and from building materials such as concrete or metal. To reduce these interferences, move the sources away, optimize the router&#8217;s location, and add compatible Sinop\u00e9 devices that improve stability through mesh technology.  <\/p>\t\t\t\t\t\t\t\t<\/div>\n\t\t\t\t<\/div>\n\t\t\t\t\t<\/div>\n\t\t\t\t<\/div>\n\t\t<div class=\"elementor-element elementor-element-26bfcee e-flex e-con-boxed e-con e-parent\" data-id=\"26bfcee\" data-element_type=\"container\" data-e-type=\"container\">\n\t\t\t\t\t<div class=\"e-con-inner\">\n\t\t\t\t<div class=\"elementor-element elementor-element-3b35f7a elementor-widget elementor-widget-text-editor\" data-id=\"3b35f7a\" data-element_type=\"widget\" data-e-type=\"widget\" data-widget_type=\"text-editor.default\">\n\t\t\t\t<div class=\"elementor-widget-container\">\n\t\t\t\t\t\t\t\t\t<p>If you experience connection difficulties, slowdowns, or intermittent disconnections of your connected devices, it is possible that interference is affecting RF (radio frequency) or Wi-Fi signals.<\/p>\n<p><br>Here are the most common causes and possible solutions: <\/p>\n<p><strong><br>1. Devices That Can Cause Interference<\/strong><\/p>\n<p>Certain objects located near your smart devices, gateway, or router can disrupt wireless signals.<\/p>\n<p><br>Interference can:<\/p>\n<ul>\n<li>Reduce communication range<\/li>\n<li>Temporarily block the signal<\/li>\n<li>Cause intermittent disconnections<\/li>\n<\/ul>\n<p> <\/p>\n<p><u>Devices that can create interference:<\/u><\/p>\n<ul>\n<li>Microwave oven<\/li>\n<li>Direct satellite service<\/li>\n<li>High voltage lines or electrical box<\/li>\n<li>Mobile phones<\/li>\n<li>Speakers and wireless devices<\/li>\n<li>Certain external monitors and LCD screens<\/li>\n<\/ul>\n<p> <\/p>\n<p>If possible, move these devices away from your router, gateway, or smart devices.<br> <\/p>\n<p> <\/p>\n<p><strong>2. Building Materials That Can Affect the Signal<\/strong><\/p>\n<p>The materials used in your home can also reduce the range of RF and Wi-Fi signals.<\/p>\n<div>\n<figure class=\"table\">\n<table class=\"ck-table-resized\"><colgroup> <col> <col><\/colgroup>\n<tbody>\n<tr>\n<td><strong>Materials<\/strong><\/td>\n<td><strong>Interference Potential<\/strong><\/td>\n<\/tr>\n<tr>\n<td>Wood, synthetic materials, glass<\/td>\n<td>Low<\/td>\n<\/tr>\n<tr>\n<td>Water, brick, marble<\/td>\n<td>Medium<\/td>\n<\/tr>\n<tr>\n<td>Plaster, concrete, bulletproof glass<\/td>\n<td>High<\/td>\n<\/tr>\n<tr>\n<td>Metal<\/td>\n<td>Very high<\/td>\n<\/tr>\n<\/tbody>\n<\/table>\n<\/figure>\n<\/div>\n<p> <\/p>\n<p>Concrete walls, metal structures, or certain types of insulation can significantly weaken the signal. <\/p>\n<p> <\/p>\n<p><strong>3. How to Reduce Interference<\/strong><\/p>\n<p>If you suspect the presence of interference:<br><br><\/p>\n<p><u><img decoding=\"async\" class=\"emoji\" role=\"img\" draggable=\"false\" src=\"https:\/\/s.w.org\/images\/core\/emoji\/14.0.0\/svg\/2714.svg\" alt=\"\u2714\"> Move possible sources away<\/u><\/p>\n<p>Temporarily stop using the device that may be causing the interference or move it away from your smart devices and router.<br><br><\/p>\n<p><u><img decoding=\"async\" class=\"emoji\" role=\"img\" draggable=\"false\" src=\"https:\/\/s.w.org\/images\/core\/emoji\/14.0.0\/svg\/2714.svg\" alt=\"\u2714\"> Optimize the router\u2019s location<\/u><\/p>\n<ul>\n<li>Place it in an open space<\/li>\n<li>Avoid metal furniture<\/li>\n<li>Install it in the center of the area to cover, if possible<\/li>\n<\/ul>\n<p> <\/p>\n<p><strong>4. Using a Repeater or Adding Devices<\/strong><\/p>\n<p>Sinop\u00e9 devices from the Mi-Wi and Zigbee ranges operate with mesh technology.<\/p>\n<p><br>This means:<\/p>\n<ul>\n<li>The signal is transmitted from one device to another.<\/li>\n<li>Each new compatible device acts as a repeater.<\/li>\n<\/ul>\n<p><br>If communication seems weak, <strong>adding a compatible Sinop\u00e9 device<\/strong> can improve network stability.<\/p>\n<p><span style=\"font-size: 10pt;\"><br>Product models associated with this article:  <\/span><\/p>\n<ul>\n<li class=\"ck-list-marker-italic\"><span style=\"font-size: 10pt;\"><i>(Zigbee) TH1123ZB, TH1124ZB, TH1300ZB, TH1400ZB, TH1500ZB<\/i><\/span><\/li>\n<li class=\"ck-list-marker-italic\"><span style=\"font-size: 10pt;\"><i>(Others) TH1120RF, TH1121RF, TH1300RF, TH1500RF<\/i><\/span><\/li>\n<\/ul>\t\t\t\t\t\t\t\t<\/div>\n\t\t\t\t<\/div>\n\t\t\t\t\t<\/div>\n\t\t\t\t<\/div>\n\t\t<div class=\"elementor-element elementor-element-88a89ee e-flex e-con-boxed e-con e-parent\" data-id=\"88a89ee\" data-element_type=\"container\" data-e-type=\"container\">\n\t\t\t\t\t<div class=\"e-con-inner\">\n\t\t\t\t<div class=\"elementor-element elementor-element-74a03bd9 article-a-ete-utilie elementor-widget elementor-widget-global elementor-global-42936 elementor-global-3828 elementor-widget-html\" data-id=\"74a03bd9\" data-element_type=\"widget\" data-e-type=\"widget\" data-widget_type=\"html.default\">\n\t\t\t\t<div class=\"elementor-widget-container\">\n\t\t\t\t\t<style>\n    .article-a-ete-utilie.completed .probleme-resolu-received{\n        display:flex!important;\n    }\n    \n    .article-a-ete-utilie.completed .le-probleme-est-resolu{\n        display:none;\n    }\n<\/style>\n\n<div class=\"le-probleme-est-resolu\">\n    <h3>\n Was this article helpful to you?\n    <\/h3>\n    <ul>\n        <li type=\"1\" class=\"probleme-resolu btn-oui article-utile\">Yes<\/li>\n        <li type=\"0\" class=\"probleme-resolu btn-non declanche-support-form\">No<\/li>\n    <\/ul>\n    <div id=\"client-feedback-container\"><\/div>\n<\/div>\n\n<div class=\"probleme-resolu-received\" style=\"display:none; margin:1rem;\">\n   <svg xmlns=\"http:\/\/www.w3.org\/2000\/svg\" xmlns:xlink=\"http:\/\/www.w3.org\/1999\/xlink\" version=\"1.1\" id=\"Layer_1\" x=\"0px\" y=\"0px\" viewbox=\"0 0 117.72 117.72\" style=\"max-width:100px; margin:0 auto; display:inline-block; enable-background:new 0 0 117.72 117.72\" xml:space=\"preserve\"><g><path style=\"fill:#01A601;\" class=\"st0\" d=\"M58.86,0c9.13,0,17.77,2.08,25.49,5.79c-3.16,2.5-6.09,4.9-8.82,7.21c-5.2-1.89-10.81-2.92-16.66-2.92 c-13.47,0-25.67,5.46-34.49,14.29c-8.83,8.83-14.29,21.02-14.29,34.49c0,13.47,5.46,25.66,14.29,34.49 c8.83,8.83,21.02,14.29,34.49,14.29s25.67-5.46,34.49-14.29c8.83-8.83,14.29-21.02,14.29-34.49c0-3.2-0.31-6.34-0.9-9.37 c2.53-3.3,5.12-6.59,7.77-9.85c2.08,6.02,3.21,12.49,3.21,19.22c0,16.25-6.59,30.97-17.24,41.62 c-10.65,10.65-25.37,17.24-41.62,17.24c-16.25,0-30.97-6.59-41.62-17.24C6.59,89.83,0,75.11,0,58.86 c0-16.25,6.59-30.97,17.24-41.62S42.61,0,58.86,0L58.86,0z M31.44,49.19L45.8,49l1.07,0.28c2.9,1.67,5.63,3.58,8.18,5.74 c1.84,1.56,3.6,3.26,5.27,5.1c5.15-8.29,10.64-15.9,16.44-22.9c6.35-7.67,13.09-14.63,20.17-20.98l1.4-0.54H114l-3.16,3.51 C101.13,30,92.32,41.15,84.36,52.65C76.4,64.16,69.28,76.04,62.95,88.27l-1.97,3.8l-1.81-3.87c-3.34-7.17-7.34-13.75-12.11-19.63 c-4.77-5.88-10.32-11.1-16.79-15.54L31.44,49.19L31.44,49.19z\"><\/path><\/g>\n   <\/svg>\n<\/div>\n\n<script>\n    \n    window.addEventListener( \"load\", function(){\n        \n        \/*const btns_utile = document.querySelectorAll( \".probleme-resolu\" )\n        \n        btns_utile.forEach( (btn) =&gt; {\n            btn.addEventListener( \"click\", function(e){\n                e.preventDefault();\n                console.log( \"click\" )\n                const btn_attribute = e.target.getAttribute( \"type\" )\n                enregistre_feedback( btn_attribute ); \n            })\n        })\n        *\/\n        \n        document.body.addEventListener( \"click\", function(e){\n            \n            const is_utile_btn = e.target.closest( \".probleme-resolu\" )\n            if( is_utile_btn != null ){\n                e.preventDefault();\n                console.log( \"click\" )\n                const btn_attribute = e.target.getAttribute( \"type\" )\n                enregistre_feedback( btn_attribute ); \n            }\n            \n        })\n        \n    })\n    \n    async function enregistre_feedback( type ){\n        \n         try {\n             \n            const formData = new URLSearchParams();\n            formData.append('feedback', type );\n            formData.append('action', \"feedback_clients\" );\n            formData.append('post_id', the_post_id );\n            \n            console.log( \"support_ajax_url 1\")\n            console.log( support_ajax_url )\n            \n            if( support_ajax_url.indexOf( \"\/en\/\/\" ) != -1 ){\n                console.log( \"clitch detected\" )\n               support_ajax_url = support_ajax_url.replace( \"\/en\/\/\", \"\/en\/\" )\n            }\n            \n            console.log( \"support_ajax_url 2\")\n            console.log( support_ajax_url )\n\n            const response = await fetch( support_ajax_url, {\n              method: 'POST',\n              body: formData\n            });\n            \n        \n            if (!response.ok) {\n              throw new Error(`HTTP error! Status: ${response.status}`);\n            }\n            \n            if( type == 1 ){\n                const le_widget = document.querySelector(\".article-a-ete-utilie\")\n                le_widget.classList.add( \"completed\" )\n                \/\/ zE('messenger', 'close');\n            }else{\n                \/\/ document.getElementById( \"ouvre-support\" ).click()\n                \/\/  zE('messenger', 'open');\n            }\n            \n            return response;\n            \n          } catch (error) {\n            \/\/ Handle network errors or the error thrown above\n            console.error('Error posting data:', error.message);\n            throw error;\n          }\n    }\n    \n<\/script>\n\n\t\t\t\t<\/div>\n\t\t\t\t<\/div>\n\t\t\t\t\t<\/div>\n\t\t\t\t<\/div>\n\t\t\t\t<\/div>\n\t\t","protected":false},"excerpt":{"rendered":"","protected":false},"author":4,"featured_media":0,"parent":45687,"menu_order":19,"comment_status":"closed","ping_status":"closed","template":"","meta":{"_acf_changed":false,"footnotes":"","_wp_rev_ctl_limit":""},"categories":[965],"tags":[1057,1058,1041,1042,1066,1043,1044,1068,1056],"unique_id":[409],"class_list":["post-46764","page","type-page","status-publish","hentry","category-thermostat","tag-th1120rf","tag-th1121rf","tag-th1123zb","tag-th1124zb","tag-th1300rf","tag-th1300zb","tag-th1400zb","tag-th1500rf","tag-th1500zb","unique_id-409"],"acf":[],"yoast_head":"<!-- This site is optimized with the Yoast SEO plugin v27.5 - https:\/\/yoast.com\/product\/yoast-seo-wordpress\/ -->\n<title>Zigbee or Mi-Wi Signal Interference: Possible Causes and Solutions - Support Sinop\u00e9<\/title>\n<meta name=\"description\" content=\"D\u00e9couvrez ce qui peut cr\u00e9er une interf\u00e9rence avec la communication de vos appareils intelligents.\" \/>\n<meta name=\"robots\" content=\"index, follow, max-snippet:-1, max-image-preview:large, max-video-preview:-1\" \/>\n<link rel=\"canonical\" href=\"https:\/\/support.sinopetech.com\/en\/zigbee-interferences\/\" \/>\n<meta property=\"og:locale\" content=\"en_US\" \/>\n<meta property=\"og:type\" content=\"article\" \/>\n<meta property=\"og:title\" content=\"Zigbee or Mi-Wi Signal Interference: Possible Causes and Solutions - Support Sinop\u00e9\" \/>\n<meta property=\"og:description\" content=\"D\u00e9couvrez ce qui peut cr\u00e9er une interf\u00e9rence avec la communication de vos appareils intelligents.\" \/>\n<meta property=\"og:url\" content=\"https:\/\/support.sinopetech.com\/en\/zigbee-interferences\/\" \/>\n<meta property=\"og:site_name\" content=\"Support Sinop\u00e9\" \/>\n<meta property=\"article:modified_time\" content=\"2026-04-21T15:10:52+00:00\" \/>\n<meta property=\"og:image\" content=\"https:\/\/s.w.org\/images\/core\/emoji\/14.0.0\/svg\/2714.svg\" \/>\n<meta name=\"twitter:card\" content=\"summary_large_image\" \/>\n<meta name=\"twitter:label1\" content=\"Est. reading time\" \/>\n\t<meta name=\"twitter:data1\" content=\"3 minutes\" \/>\n<script type=\"application\/ld+json\" class=\"yoast-schema-graph\">{\"@context\":\"https:\\\/\\\/schema.org\",\"@graph\":[{\"@type\":\"WebPage\",\"@id\":\"https:\\\/\\\/support.sinopetech.com\\\/en\\\/zigbee-interferences\\\/\",\"url\":\"https:\\\/\\\/support.sinopetech.com\\\/en\\\/zigbee-interferences\\\/\",\"name\":\"Zigbee or Mi-Wi Signal Interference: Possible Causes and Solutions - Support Sinop\u00e9\",\"isPartOf\":{\"@id\":\"https:\\\/\\\/support.sinopetech.com\\\/en\\\/#website\"},\"primaryImageOfPage\":{\"@id\":\"https:\\\/\\\/support.sinopetech.com\\\/en\\\/zigbee-interferences\\\/#primaryimage\"},\"image\":{\"@id\":\"https:\\\/\\\/support.sinopetech.com\\\/en\\\/zigbee-interferences\\\/#primaryimage\"},\"thumbnailUrl\":\"https:\\\/\\\/s.w.org\\\/images\\\/core\\\/emoji\\\/14.0.0\\\/svg\\\/2714.svg\",\"datePublished\":\"2020-05-09T05:37:42+00:00\",\"dateModified\":\"2026-04-21T15:10:52+00:00\",\"description\":\"D\u00e9couvrez ce qui peut cr\u00e9er une interf\u00e9rence avec la communication de vos appareils intelligents.\",\"breadcrumb\":{\"@id\":\"https:\\\/\\\/support.sinopetech.com\\\/en\\\/zigbee-interferences\\\/#breadcrumb\"},\"inLanguage\":\"en-US\",\"potentialAction\":[{\"@type\":\"ReadAction\",\"target\":[\"https:\\\/\\\/support.sinopetech.com\\\/en\\\/zigbee-interferences\\\/\"]}]},{\"@type\":\"ImageObject\",\"inLanguage\":\"en-US\",\"@id\":\"https:\\\/\\\/support.sinopetech.com\\\/en\\\/zigbee-interferences\\\/#primaryimage\",\"url\":\"https:\\\/\\\/s.w.org\\\/images\\\/core\\\/emoji\\\/14.0.0\\\/svg\\\/2714.svg\",\"contentUrl\":\"https:\\\/\\\/s.w.org\\\/images\\\/core\\\/emoji\\\/14.0.0\\\/svg\\\/2714.svg\"},{\"@type\":\"BreadcrumbList\",\"@id\":\"https:\\\/\\\/support.sinopetech.com\\\/en\\\/zigbee-interferences\\\/#breadcrumb\",\"itemListElement\":[{\"@type\":\"ListItem\",\"position\":1,\"name\":\"Home\",\"item\":\"https:\\\/\\\/support.sinopetech.com\\\/en\\\/\"},{\"@type\":\"ListItem\",\"position\":2,\"name\":\"1.1 > Thermostat\",\"item\":\"https:\\\/\\\/support.sinopetech.com\\\/en\\\/thermostat\\\/\"},{\"@type\":\"ListItem\",\"position\":3,\"name\":\"Priv\u00e9\u00a0: Articles\",\"item\":\"https:\\\/\\\/support.sinopetech.com\\\/en\\\/thermostat\\\/articles\\\/\"},{\"@type\":\"ListItem\",\"position\":4,\"name\":\"Zigbee or Mi-Wi Signal Interference: Possible Causes and Solutions\"}]},{\"@type\":\"WebSite\",\"@id\":\"https:\\\/\\\/support.sinopetech.com\\\/en\\\/#website\",\"url\":\"https:\\\/\\\/support.sinopetech.com\\\/en\\\/\",\"name\":\"Support Sinop\u00e9\",\"description\":\"\",\"publisher\":{\"@id\":\"https:\\\/\\\/support.sinopetech.com\\\/en\\\/#organization\"},\"potentialAction\":[{\"@type\":\"SearchAction\",\"target\":{\"@type\":\"EntryPoint\",\"urlTemplate\":\"https:\\\/\\\/support.sinopetech.com\\\/en\\\/?s={search_term_string}\"},\"query-input\":{\"@type\":\"PropertyValueSpecification\",\"valueRequired\":true,\"valueName\":\"search_term_string\"}}],\"inLanguage\":\"en-US\"},{\"@type\":\"Organization\",\"@id\":\"https:\\\/\\\/support.sinopetech.com\\\/en\\\/#organization\",\"name\":\"Support Sinop\u00e9\",\"url\":\"https:\\\/\\\/support.sinopetech.com\\\/en\\\/\",\"logo\":{\"@type\":\"ImageObject\",\"inLanguage\":\"en-US\",\"@id\":\"https:\\\/\\\/support.sinopetech.com\\\/en\\\/#\\\/schema\\\/logo\\\/image\\\/\",\"url\":\"https:\\\/\\\/support.sinopetech.com\\\/wp-content\\\/uploads\\\/2020\\\/04\\\/logo-sinope-gris.png\",\"contentUrl\":\"https:\\\/\\\/support.sinopetech.com\\\/wp-content\\\/uploads\\\/2020\\\/04\\\/logo-sinope-gris.png\",\"width\":994,\"height\":358,\"caption\":\"Support Sinop\u00e9\"},\"image\":{\"@id\":\"https:\\\/\\\/support.sinopetech.com\\\/en\\\/#\\\/schema\\\/logo\\\/image\\\/\"}}]}<\/script>\n<!-- \/ Yoast SEO plugin. -->","yoast_head_json":{"title":"Zigbee or Mi-Wi Signal Interference: Possible Causes and Solutions - Support Sinop\u00e9","description":"D\u00e9couvrez ce qui peut cr\u00e9er une interf\u00e9rence avec la communication de vos appareils intelligents.","robots":{"index":"index","follow":"follow","max-snippet":"max-snippet:-1","max-image-preview":"max-image-preview:large","max-video-preview":"max-video-preview:-1"},"canonical":"https:\/\/support.sinopetech.com\/en\/zigbee-interferences\/","og_locale":"en_US","og_type":"article","og_title":"Zigbee or Mi-Wi Signal Interference: Possible Causes and Solutions - Support Sinop\u00e9","og_description":"D\u00e9couvrez ce qui peut cr\u00e9er une interf\u00e9rence avec la communication de vos appareils intelligents.","og_url":"https:\/\/support.sinopetech.com\/en\/zigbee-interferences\/","og_site_name":"Support Sinop\u00e9","article_modified_time":"2026-04-21T15:10:52+00:00","og_image":[{"url":"https:\/\/s.w.org\/images\/core\/emoji\/14.0.0\/svg\/2714.svg","type":"","width":"","height":""}],"twitter_card":"summary_large_image","twitter_misc":{"Est. reading time":"3 minutes"},"schema":{"@context":"https:\/\/schema.org","@graph":[{"@type":"WebPage","@id":"https:\/\/support.sinopetech.com\/en\/zigbee-interferences\/","url":"https:\/\/support.sinopetech.com\/en\/zigbee-interferences\/","name":"Zigbee or Mi-Wi Signal Interference: Possible Causes and Solutions - Support Sinop\u00e9","isPartOf":{"@id":"https:\/\/support.sinopetech.com\/en\/#website"},"primaryImageOfPage":{"@id":"https:\/\/support.sinopetech.com\/en\/zigbee-interferences\/#primaryimage"},"image":{"@id":"https:\/\/support.sinopetech.com\/en\/zigbee-interferences\/#primaryimage"},"thumbnailUrl":"https:\/\/s.w.org\/images\/core\/emoji\/14.0.0\/svg\/2714.svg","datePublished":"2020-05-09T05:37:42+00:00","dateModified":"2026-04-21T15:10:52+00:00","description":"D\u00e9couvrez ce qui peut cr\u00e9er une interf\u00e9rence avec la communication de vos appareils intelligents.","breadcrumb":{"@id":"https:\/\/support.sinopetech.com\/en\/zigbee-interferences\/#breadcrumb"},"inLanguage":"en-US","potentialAction":[{"@type":"ReadAction","target":["https:\/\/support.sinopetech.com\/en\/zigbee-interferences\/"]}]},{"@type":"ImageObject","inLanguage":"en-US","@id":"https:\/\/support.sinopetech.com\/en\/zigbee-interferences\/#primaryimage","url":"https:\/\/s.w.org\/images\/core\/emoji\/14.0.0\/svg\/2714.svg","contentUrl":"https:\/\/s.w.org\/images\/core\/emoji\/14.0.0\/svg\/2714.svg"},{"@type":"BreadcrumbList","@id":"https:\/\/support.sinopetech.com\/en\/zigbee-interferences\/#breadcrumb","itemListElement":[{"@type":"ListItem","position":1,"name":"Home","item":"https:\/\/support.sinopetech.com\/en\/"},{"@type":"ListItem","position":2,"name":"1.1 > Thermostat","item":"https:\/\/support.sinopetech.com\/en\/thermostat\/"},{"@type":"ListItem","position":3,"name":"Priv\u00e9\u00a0: Articles","item":"https:\/\/support.sinopetech.com\/en\/thermostat\/articles\/"},{"@type":"ListItem","position":4,"name":"Zigbee or Mi-Wi Signal Interference: Possible Causes and Solutions"}]},{"@type":"WebSite","@id":"https:\/\/support.sinopetech.com\/en\/#website","url":"https:\/\/support.sinopetech.com\/en\/","name":"Support Sinop\u00e9","description":"","publisher":{"@id":"https:\/\/support.sinopetech.com\/en\/#organization"},"potentialAction":[{"@type":"SearchAction","target":{"@type":"EntryPoint","urlTemplate":"https:\/\/support.sinopetech.com\/en\/?s={search_term_string}"},"query-input":{"@type":"PropertyValueSpecification","valueRequired":true,"valueName":"search_term_string"}}],"inLanguage":"en-US"},{"@type":"Organization","@id":"https:\/\/support.sinopetech.com\/en\/#organization","name":"Support Sinop\u00e9","url":"https:\/\/support.sinopetech.com\/en\/","logo":{"@type":"ImageObject","inLanguage":"en-US","@id":"https:\/\/support.sinopetech.com\/en\/#\/schema\/logo\/image\/","url":"https:\/\/support.sinopetech.com\/wp-content\/uploads\/2020\/04\/logo-sinope-gris.png","contentUrl":"https:\/\/support.sinopetech.com\/wp-content\/uploads\/2020\/04\/logo-sinope-gris.png","width":994,"height":358,"caption":"Support Sinop\u00e9"},"image":{"@id":"https:\/\/support.sinopetech.com\/en\/#\/schema\/logo\/image\/"}}]}},"_links":{"self":[{"href":"https:\/\/support.sinopetech.com\/en\/wp-json\/wp\/v2\/pages\/46764","targetHints":{"allow":["GET"]}}],"collection":[{"href":"https:\/\/support.sinopetech.com\/en\/wp-json\/wp\/v2\/pages"}],"about":[{"href":"https:\/\/support.sinopetech.com\/en\/wp-json\/wp\/v2\/types\/page"}],"author":[{"embeddable":true,"href":"https:\/\/support.sinopetech.com\/en\/wp-json\/wp\/v2\/users\/4"}],"replies":[{"embeddable":true,"href":"https:\/\/support.sinopetech.com\/en\/wp-json\/wp\/v2\/comments?post=46764"}],"version-history":[{"count":5,"href":"https:\/\/support.sinopetech.com\/en\/wp-json\/wp\/v2\/pages\/46764\/revisions"}],"predecessor-version":[{"id":52284,"href":"https:\/\/support.sinopetech.com\/en\/wp-json\/wp\/v2\/pages\/46764\/revisions\/52284"}],"up":[{"embeddable":true,"href":"https:\/\/support.sinopetech.com\/en\/wp-json\/wp\/v2\/pages\/45687"}],"wp:attachment":[{"href":"https:\/\/support.sinopetech.com\/en\/wp-json\/wp\/v2\/media?parent=46764"}],"wp:term":[{"taxonomy":"category","embeddable":true,"href":"https:\/\/support.sinopetech.com\/en\/wp-json\/wp\/v2\/categories?post=46764"},{"taxonomy":"post_tag","embeddable":true,"href":"https:\/\/support.sinopetech.com\/en\/wp-json\/wp\/v2\/tags?post=46764"},{"taxonomy":"unique_id","embeddable":true,"href":"https:\/\/support.sinopetech.com\/en\/wp-json\/wp\/v2\/unique_id?post=46764"}],"curies":[{"name":"wp","href":"https:\/\/api.w.org\/{rel}","templated":true}]}}