{"id":9779,"date":"2020-07-17T16:01:42","date_gmt":"2020-07-17T16:01:22","guid":{"rendered":"https:\/\/support.sinopetech.com\/en\/accueil\/protection-contre-les-degats-deau\/sur-quelle-surface-devrais-je-installer-le-detecteur-de-fuites-d%e2%80%99eau-sinope%e2%80%89avec-sonde\/"},"modified":"2020-10-15T14:34:01","modified_gmt":"2020-10-15T18:34:01","slug":"1.5.5.1.1","status":"publish","type":"page","link":"https:\/\/support.sinopetech.com\/en\/1.5.5.1.1\/","title":{"rendered":"On which surface should I install the Sinop\u00e9 water leak detector with remote sensor?"},"content":{"rendered":"\t\t<div data-elementor-type=\"wp-page\" data-elementor-id=\"9779\" class=\"elementor elementor-9779\" data-elementor-post-type=\"page\">\n\t\t\t\t\t\t<div class=\"elementor-section elementor-top-section elementor-element elementor-element-55f8713e elementor-section-stretched elementor-section-full_width elementor-section-height-min-height contenu-des-pages elementor-section-height-default elementor-section-items-middle\" data-id=\"55f8713e\" data-element_type=\"section\" data-settings=\"{&quot;stretch_section&quot;:&quot;section-stretched&quot;}\">\n\t\t\t\t\t\t<div class=\"elementor-container elementor-column-gap-default\">\n\t\t\t\t\t<div class=\"elementor-column elementor-col-100 elementor-top-column elementor-element elementor-element-7b1f1874\" data-id=\"7b1f1874\" data-element_type=\"column\">\n\t\t\t<div class=\"elementor-widget-wrap elementor-element-populated\">\n\t\t\t\t\t\t<section class=\"elementor-section elementor-inner-section elementor-element elementor-element-5ecaebcb elementor-section-height-min-height elementor-section-content-middle entete elementor-section-boxed elementor-section-height-default elementor-invisible\" data-id=\"5ecaebcb\" data-element_type=\"section\" data-settings=\"{&quot;background_background&quot;:&quot;classic&quot;,&quot;animation&quot;:&quot;fadeIn&quot;}\">\n\t\t\t\t\t\t\t<div class=\"elementor-background-overlay\"><\/div>\n\t\t\t\t\t\t\t<div class=\"elementor-container elementor-column-gap-default\">\n\t\t\t\t\t<div class=\"elementor-column elementor-col-100 elementor-inner-column elementor-element elementor-element-7323664a\" data-id=\"7323664a\" data-element_type=\"column\">\n\t\t\t<div class=\"elementor-widget-wrap elementor-element-populated\">\n\t\t\t\t\t\t<div class=\"elementor-element elementor-element-7b1af6a elementor-widget elementor-widget-heading\" data-id=\"7b1af6a\" data-element_type=\"widget\" data-widget_type=\"heading.default\">\n\t\t\t\t<div class=\"elementor-widget-container\">\n\t\t\t<h2 class=\"elementor-heading-title elementor-size-default\">On which surface should I install the Sinop\u00e9 <br class=\"breaker\">water leak detector with remote sensor?<\/h2>\t\t<\/div>\n\t\t\t\t<\/div>\n\t\t\t\t\t<\/div>\n\t\t<\/div>\n\t\t\t\t\t<\/div>\n\t\t<\/section>\n\t\t\t\t<section class=\"elementor-section elementor-inner-section elementor-element elementor-element-570f71b5 elementor-section-boxed elementor-section-height-default elementor-section-height-default\" data-id=\"570f71b5\" data-element_type=\"section\">\n\t\t\t\t\t\t<div class=\"elementor-container elementor-column-gap-default\">\n\t\t\t\t\t<div class=\"elementor-column elementor-col-100 elementor-inner-column elementor-element elementor-element-735df324\" data-id=\"735df324\" data-element_type=\"column\">\n\t\t\t<div class=\"elementor-widget-wrap elementor-element-populated\">\n\t\t\t\t\t\t<section class=\"elementor-section elementor-inner-section elementor-element elementor-element-23ca36f3 avertissement_vert elementor-section-boxed elementor-section-height-default elementor-section-height-default\" data-id=\"23ca36f3\" data-element_type=\"section\">\n\t\t\t\t\t\t<div class=\"elementor-container elementor-column-gap-default\">\n\t\t\t\t\t<div class=\"elementor-column elementor-col-100 elementor-inner-column elementor-element elementor-element-440c5285\" data-id=\"440c5285\" data-element_type=\"column\" data-settings=\"{&quot;background_background&quot;:&quot;classic&quot;}\">\n\t\t\t<div class=\"elementor-widget-wrap elementor-element-populated\">\n\t\t\t\t\t\t<div class=\"elementor-element elementor-element-5adf0db0 elementor-widget elementor-widget-text-editor\" data-id=\"5adf0db0\" data-element_type=\"widget\" data-widget_type=\"text-editor.default\">\n\t\t\t\t<div class=\"elementor-widget-container\">\n\t\t\t\t\t\t\t<p>It is recommended to install the Sinop\u00e9 Water Leak Detector on a wall or a non-metallic surface.<\/p>\t\t\t\t\t\t<\/div>\n\t\t\t\t<\/div>\n\t\t\t\t\t<\/div>\n\t\t<\/div>\n\t\t\t\t\t<\/div>\n\t\t<\/section>\n\t\t\t\t\t<\/div>\n\t\t<\/div>\n\t\t\t\t\t<\/div>\n\t\t<\/section>\n\t\t\t\t<section class=\"elementor-section elementor-inner-section elementor-element elementor-element-7100010c elementor-section-full_width elementor-section-height-default elementor-section-height-default\" data-id=\"7100010c\" data-element_type=\"section\">\n\t\t\t\t\t\t<div class=\"elementor-container elementor-column-gap-default\">\n\t\t\t\t\t<div class=\"elementor-column elementor-col-100 elementor-inner-column elementor-element elementor-element-6a250f25\" data-id=\"6a250f25\" data-element_type=\"column\">\n\t\t\t<div class=\"elementor-widget-wrap elementor-element-populated\">\n\t\t\t\t\t\t<div class=\"elementor-element elementor-element-55975e89 elementor-widget-divider--view-line elementor-widget elementor-widget-global elementor-global-2118 elementor-widget-divider\" data-id=\"55975e89\" data-element_type=\"widget\" data-widget_type=\"divider.default\">\n\t\t\t\t<div class=\"elementor-widget-container\">\n\t\t\t\t\t<div class=\"elementor-divider\">\n\t\t\t<span class=\"elementor-divider-separator\">\n\t\t\t\t\t\t<\/span>\n\t\t<\/div>\n\t\t\t\t<\/div>\n\t\t\t\t<\/div>\n\t\t\t\t\t<\/div>\n\t\t<\/div>\n\t\t\t\t\t<\/div>\n\t\t<\/section>\n\t\t\t\t<section class=\"elementor-section elementor-inner-section elementor-element elementor-element-3d02dbe1 elementor-section-boxed elementor-section-height-default elementor-section-height-default\" data-id=\"3d02dbe1\" data-element_type=\"section\">\n\t\t\t\t\t\t<div class=\"elementor-container elementor-column-gap-default\">\n\t\t\t\t\t<div class=\"elementor-column elementor-col-100 elementor-inner-column elementor-element elementor-element-4f8fd668\" data-id=\"4f8fd668\" data-element_type=\"column\">\n\t\t\t<div class=\"elementor-widget-wrap elementor-element-populated\">\n\t\t\t\t\t\t<div class=\"elementor-element elementor-element-616417d3 elementor-widget elementor-widget-template\" data-id=\"616417d3\" data-element_type=\"widget\" data-widget_type=\"template.default\">\n\t\t\t\t<div class=\"elementor-widget-container\">\n\t\t\t\t\t<div class=\"elementor-template\">\n\t\t\t\t\t<div data-elementor-type=\"section\" data-elementor-id=\"2097\" class=\"elementor elementor-2097\" data-elementor-post-type=\"elementor_library\">\n\t\t\t\t\t<section class=\"elementor-section elementor-inner-section elementor-element elementor-element-737f3fb6 elementor-section-boxed elementor-section-height-default elementor-section-height-default\" data-id=\"737f3fb6\" data-element_type=\"section\">\n\t\t\t\t\t\t<div class=\"elementor-container elementor-column-gap-default\">\n\t\t\t\t\t<div class=\"elementor-column elementor-col-100 elementor-inner-column elementor-element elementor-element-7296986\" data-id=\"7296986\" data-element_type=\"column\">\n\t\t\t<div class=\"elementor-widget-wrap elementor-element-populated\">\n\t\t\t\t\t\t<div class=\"elementor-element elementor-element-4174f1b5 elementor-hidden-desktop elementor-hidden-tablet elementor-hidden-mobile elementor-widget elementor-widget-html\" data-id=\"4174f1b5\" data-element_type=\"widget\" data-widget_type=\"html.default\">\n\t\t\t\t<div class=\"elementor-widget-container\">\n\t\t\t<style>\n\n\n\n    \n   \n   \n\n<\/style>\n<script>\n    \n    jQuery( document ).ready( function(){\n        \n         jQuery('.elementor-search-form__input').on('focus', function(e){\n             \n             jQuery( '.elementor-search-form__container' ).addClass('focus');\n             \n         })\n         \n         jQuery('.elementor-search-form__container').on('focusout', function(e){\n           \n            if( jQuery(this).find('input').val().length == 0 ){\n               \n                jQuery( this ).removeClass('focus');\n                \n            }\n            \n         })\n         \n         jQuery('.elementor-search-form__input').attr(\"data-swplive\", \"true\");\n         jQuery('.elementor-search-form__input').attr(\"data-swpconfig\", \"my_config\");\n\n\n         if(  jQuery( '.elementor-search-form__container input' ).val().length == 0 ){\n                jQuery( '.elementor-search-form__container' ).addClass('show');\n         }\n\n    });\n    \n<\/script>\n\t\t<\/div>\n\t\t\t\t<\/div>\n\t\t\t\t<div class=\"elementor-element elementor-element-3bd773d4 titre_search elementor-hidden-desktop elementor-hidden-tablet elementor-hidden-mobile elementor-widget elementor-widget-heading\" data-id=\"3bd773d4\" data-element_type=\"widget\" data-widget_type=\"heading.default\">\n\t\t\t\t<div class=\"elementor-widget-container\">\n\t\t\t<h3 class=\"elementor-heading-title elementor-size-default\">Look for more topics<\/h3>\t\t<\/div>\n\t\t\t\t<\/div>\n\t\t\t\t<div class=\"elementor-element elementor-element-6b9d8411 elementor-search-form--skin-minimal champ_recherche elementor-hidden-desktop elementor-hidden-tablet elementor-hidden-mobile elementor-widget elementor-widget-search-form\" data-id=\"6b9d8411\" data-element_type=\"widget\" data-settings=\"{&quot;skin&quot;:&quot;minimal&quot;}\" data-widget_type=\"search-form.default\">\n\t\t\t\t<div class=\"elementor-widget-container\">\n\t\t\t\t\t<search role=\"search\">\n\t\t\t<form class=\"elementor-search-form\" action=\"https:\/\/support.sinopetech.com\/en\" method=\"get\">\n\t\t\t\t\t\t\t\t\t\t\t\t<div class=\"elementor-search-form__container\">\n\t\t\t\t\t<label class=\"elementor-screen-only\" for=\"elementor-search-form-6b9d8411\">Rechercher <\/label>\n\n\t\t\t\t\t\t\t\t\t\t\t<div class=\"elementor-search-form__icon\">\n\t\t\t\t\t\t\t<i aria-hidden=\"true\" class=\"fas fa-search\"><\/i>\t\t\t\t\t\t\t<span class=\"elementor-screen-only\">Rechercher <\/span>\n\t\t\t\t\t\t<\/div>\n\t\t\t\t\t\n\t\t\t\t\t<input id=\"elementor-search-form-6b9d8411\" placeholder=\"\" class=\"elementor-search-form__input\" type=\"search\" name=\"s\" value=\"\">\n\t\t\t\t\t\n\t\t\t\t\t\n\t\t\t\t\t\t\t\t\t<\/div>\n\t\t\t<\/form>\n\t\t<\/search>\n\t\t\t\t<\/div>\n\t\t\t\t<\/div>\n\t\t\t\t<div class=\"elementor-element elementor-element-3f799aa elementor-hidden-desktop elementor-hidden-tablet elementor-hidden-mobile elementor-widget elementor-widget-html\" data-id=\"3f799aa\" data-element_type=\"widget\" data-widget_type=\"html.default\">\n\t\t\t\t<div class=\"elementor-widget-container\">\n\t\t\t<div class=\"recherche-field\"><\/div>\t\t<\/div>\n\t\t\t\t<\/div>\n\t\t\t\t<div class=\"elementor-element elementor-element-81d3abe elementor-widget elementor-widget-shortcode\" data-id=\"81d3abe\" data-element_type=\"widget\" data-widget_type=\"shortcode.default\">\n\t\t\t\t<div class=\"elementor-widget-container\">\n\t\t\t\t\t\t\t\t\t\t<style type=\"text\/css\" media=\"screen\">\n\t\t\t\t\t\t\t#is-ajax-search-result-36587 .is-highlight { background-color: #FFFFB9 !important;}\n\t\t\t\t\t\t\t#is-ajax-search-result-36587 .meta .is-highlight { background-color: transparent !important;}\n\t\t\t\t\t\t\t<\/style>\n\t\t\t\t\t\t\t\t<div class=\"elementor-shortcode\"><form data-min-no-for-search=3 data-result-box-max-height=600 data-form-id=36587 class=\"is-search-form is-disable-submit is-form-style is-form-style-3 is-form-id-36587 is-ajax-search\" action=\"https:\/\/support.sinopetech.com\/en\/\" method=\"get\" role=\"search\" ><label for=\"is-search-input-36587\"><span class=\"is-screen-reader-text\">Search for:<\/span><input  type=\"search\" id=\"is-search-input-36587\" name=\"s\" value=\"\" class=\"is-search-input\" placeholder=\"Search here...\" autocomplete=off \/><span class=\"is-loader-image\" style=\"display: none;background-image:url(https:\/\/support.sinopetech.com\/en\/wp-content\/plugins\/add-search-to-menu-premium\/public\/images\/spinner.gif);\" ><\/span><\/label><button type=\"submit\" class=\"is-search-submit\"><span class=\"is-screen-reader-text\">Search Button<\/span><span class=\"is-search-icon\"><svg focusable=\"false\" aria-label=\"Search\" xmlns=\"http:\/\/www.w3.org\/2000\/svg\" viewBox=\"0 0 24 24\" width=\"24px\"><path d=\"M15.5 14h-.79l-.28-.27C15.41 12.59 16 11.11 16 9.5 16 5.91 13.09 3 9.5 3S3 5.91 3 9.5 5.91 16 9.5 16c1.61 0 3.09-.59 4.23-1.57l.27.28v.79l5 4.99L20.49 19l-4.99-5zm-6 0C7.01 14 5 11.99 5 9.5S7.01 5 9.5 5 14 7.01 14 9.5 11.99 14 9.5 14z\"><\/path><\/svg><\/span><\/button><input type=\"hidden\" name=\"id\" value=\"36587\" \/><\/form><\/div>\n\t\t\t\t<\/div>\n\t\t\t\t<\/div>\n\t\t\t\t<div class=\"elementor-element elementor-element-1825a17 elementor-widget elementor-widget-html\" data-id=\"1825a17\" data-element_type=\"widget\" data-widget_type=\"html.default\">\n\t\t\t\t<div class=\"elementor-widget-container\">\n\t\t\t\n<script>\n    \n    function sort_ajax_search(){\n        \n        setTimeout( function(){\n        \n            var divList = jQuery(\".is-ajax-search-post\");\n        \n            divList.each( function(index, element) {\n                \n               if( jQuery(element).find( \".is-highlight\" ).length > 0 ){\n                   \n                    var priorite = parseFloat( jQuery(element).attr( \"priorite\" ) )\n                    priorite = priorite + 0.1\n                    jQuery(element).attr( \"priorite\", priorite )\n                    \n                }\n                \n            });\n            \n            divList.sort(function(a, b){\n                return jQuery(b).attr(\"priorite\")-jQuery(a).attr(\"priorite\")\n            });\n            \n            jQuery(\".is-ajax-search-posts\").html(divList); \n            \n        }, 10)\n        \n    }\n    \n<\/script>\n\t\t<\/div>\n\t\t\t\t<\/div>\n\t\t\t\t\t<\/div>\n\t\t<\/div>\n\t\t\t\t\t<\/div>\n\t\t<\/section>\n\t\t\t\t<\/div>\n\t\t\t\t<\/div>\n\t\t\t\t<\/div>\n\t\t\t\t<\/div>\n\t\t\t\t\t<\/div>\n\t\t<\/div>\n\t\t\t\t\t<\/div>\n\t\t<\/section>\n\t\t\t\t\t<\/div>\n\t\t<\/div>\n\t\t\t\t\t<\/div>\n\t\t<\/div>\n\t\t\t\t<\/div>\n\t\t","protected":false},"excerpt":{"rendered":"","protected":false},"author":2,"featured_media":0,"parent":9819,"menu_order":0,"comment_status":"closed","ping_status":"closed","template":"","meta":{"_wp_rev_ctl_limit":""},"categories":[19],"tags":[],"unique_id":[424],"acf":[],"yoast_head":"<!-- This site is optimized with the Yoast SEO plugin v19.13 - https:\/\/yoast.com\/wordpress\/plugins\/seo\/ -->\n<title>On which surface should I install the Sinop\u00e9 water leak detector with remote sensor? - Sinope Support<\/title>\n<meta name=\"robots\" content=\"index, follow, max-snippet:-1, max-image-preview:large, max-video-preview:-1\" \/>\n<link rel=\"canonical\" href=\"https:\/\/support.sinopetech.com\/en\/1.5.5.1.1\/\" \/>\n<meta property=\"og:locale\" content=\"fr_CA\" \/>\n<meta property=\"og:type\" content=\"article\" \/>\n<meta property=\"og:title\" content=\"On which surface should I install the Sinop\u00e9 water leak detector with remote sensor? - Sinope Support\" \/>\n<meta property=\"og:description\" content=\"On which surface should I install the Sinop\u00e9 water leak detector with remote sensor? It is recommended to install the Sinop\u00e9 Water Leak Detector on a wall or a non-metallic surface.\" \/>\n<meta property=\"og:url\" content=\"https:\/\/support.sinopetech.com\/en\/1.5.5.1.1\/\" \/>\n<meta property=\"og:site_name\" content=\"Sinope Support\" \/>\n<meta property=\"article:modified_time\" content=\"2020-10-15T18:34:01+00:00\" \/>\n<meta name=\"twitter:card\" content=\"summary_large_image\" \/>\n<script type=\"application\/ld+json\" class=\"yoast-schema-graph\">{\"@context\":\"https:\/\/schema.org\",\"@graph\":[{\"@type\":\"WebPage\",\"@id\":\"https:\/\/support.sinopetech.com\/en\/1.5.5.1.1\/\",\"url\":\"https:\/\/support.sinopetech.com\/en\/1.5.5.1.1\/\",\"name\":\"On which surface should I install the Sinop\u00e9 water leak detector with remote sensor? - Sinope Support\",\"isPartOf\":{\"@id\":\"https:\/\/support.sinopetech.com\/en\/#website\"},\"datePublished\":\"2020-07-17T16:01:22+00:00\",\"dateModified\":\"2020-10-15T18:34:01+00:00\",\"breadcrumb\":{\"@id\":\"https:\/\/support.sinopetech.com\/en\/1.5.5.1.1\/#breadcrumb\"},\"inLanguage\":\"fr-CA\",\"potentialAction\":[{\"@type\":\"ReadAction\",\"target\":[\"https:\/\/support.sinopetech.com\/en\/1.5.5.1.1\/\"]}]},{\"@type\":\"BreadcrumbList\",\"@id\":\"https:\/\/support.sinopetech.com\/en\/1.5.5.1.1\/#breadcrumb\",\"itemListElement\":[{\"@type\":\"ListItem\",\"position\":1,\"name\":\"Home\",\"item\":\"https:\/\/support.sinopetech.com\/en\/\"},{\"@type\":\"ListItem\",\"position\":2,\"name\":\"1 > Home\",\"item\":\"https:\/\/support.sinopetech.com\/en\/\"},{\"@type\":\"ListItem\",\"position\":3,\"name\":\"1.5 > Water damage protection\",\"item\":\"https:\/\/support.sinopetech.com\/en\/1.0\/1.5\/\"},{\"@type\":\"ListItem\",\"position\":4,\"name\":\"1.5.5 > WL4200S\",\"item\":\"https:\/\/support.sinopetech.com\/en\/1.0\/1.5\/1.5.5\/\"},{\"@type\":\"ListItem\",\"position\":5,\"name\":\"Install the WL4200S\",\"item\":\"https:\/\/support.sinopetech.com\/en\/1.0\/1.5\/1.5.5\/1.5.5.1\/\"},{\"@type\":\"ListItem\",\"position\":6,\"name\":\"On which surface should I install the Sinop\u00e9 water leak detector with remote sensor?\"}]},{\"@type\":\"WebSite\",\"@id\":\"https:\/\/support.sinopetech.com\/en\/#website\",\"url\":\"https:\/\/support.sinopetech.com\/en\/\",\"name\":\"Sinope Support\",\"description\":\"\",\"publisher\":{\"@id\":\"https:\/\/support.sinopetech.com\/en\/#organization\"},\"potentialAction\":[{\"@type\":\"SearchAction\",\"target\":{\"@type\":\"EntryPoint\",\"urlTemplate\":\"https:\/\/support.sinopetech.com\/en\/?s={search_term_string}\"},\"query-input\":\"required name=search_term_string\"}],\"inLanguage\":\"fr-CA\"},{\"@type\":\"Organization\",\"@id\":\"https:\/\/support.sinopetech.com\/en\/#organization\",\"name\":\"Sinope Support\",\"url\":\"https:\/\/support.sinopetech.com\/en\/\",\"logo\":{\"@type\":\"ImageObject\",\"inLanguage\":\"fr-CA\",\"@id\":\"https:\/\/support.sinopetech.com\/en\/#\/schema\/logo\/image\/\",\"url\":\"https:\/\/support.sinopetech.com\/en\/wp-content\/uploads\/sites\/9\/2020\/04\/logo-sinope-gris.png\",\"contentUrl\":\"https:\/\/support.sinopetech.com\/en\/wp-content\/uploads\/sites\/9\/2020\/04\/logo-sinope-gris.png\",\"width\":994,\"height\":358,\"caption\":\"Sinope Support\"},\"image\":{\"@id\":\"https:\/\/support.sinopetech.com\/en\/#\/schema\/logo\/image\/\"}}]}<\/script>\n<!-- \/ Yoast SEO plugin. -->","yoast_head_json":{"title":"On which surface should I install the Sinop\u00e9 water leak detector with remote sensor? - Sinope Support","robots":{"index":"index","follow":"follow","max-snippet":"max-snippet:-1","max-image-preview":"max-image-preview:large","max-video-preview":"max-video-preview:-1"},"canonical":"https:\/\/support.sinopetech.com\/en\/1.5.5.1.1\/","og_locale":"fr_CA","og_type":"article","og_title":"On which surface should I install the Sinop\u00e9 water leak detector with remote sensor? - Sinope Support","og_description":"On which surface should I install the Sinop\u00e9 water leak detector with remote sensor? It is recommended to install the Sinop\u00e9 Water Leak Detector on a wall or a non-metallic surface.","og_url":"https:\/\/support.sinopetech.com\/en\/1.5.5.1.1\/","og_site_name":"Sinope Support","article_modified_time":"2020-10-15T18:34:01+00:00","twitter_card":"summary_large_image","schema":{"@context":"https:\/\/schema.org","@graph":[{"@type":"WebPage","@id":"https:\/\/support.sinopetech.com\/en\/1.5.5.1.1\/","url":"https:\/\/support.sinopetech.com\/en\/1.5.5.1.1\/","name":"On which surface should I install the Sinop\u00e9 water leak detector with remote sensor? - Sinope Support","isPartOf":{"@id":"https:\/\/support.sinopetech.com\/en\/#website"},"datePublished":"2020-07-17T16:01:22+00:00","dateModified":"2020-10-15T18:34:01+00:00","breadcrumb":{"@id":"https:\/\/support.sinopetech.com\/en\/1.5.5.1.1\/#breadcrumb"},"inLanguage":"fr-CA","potentialAction":[{"@type":"ReadAction","target":["https:\/\/support.sinopetech.com\/en\/1.5.5.1.1\/"]}]},{"@type":"BreadcrumbList","@id":"https:\/\/support.sinopetech.com\/en\/1.5.5.1.1\/#breadcrumb","itemListElement":[{"@type":"ListItem","position":1,"name":"Home","item":"https:\/\/support.sinopetech.com\/en\/"},{"@type":"ListItem","position":2,"name":"1 > Home","item":"https:\/\/support.sinopetech.com\/en\/"},{"@type":"ListItem","position":3,"name":"1.5 > Water damage protection","item":"https:\/\/support.sinopetech.com\/en\/1.0\/1.5\/"},{"@type":"ListItem","position":4,"name":"1.5.5 > WL4200S","item":"https:\/\/support.sinopetech.com\/en\/1.0\/1.5\/1.5.5\/"},{"@type":"ListItem","position":5,"name":"Install the WL4200S","item":"https:\/\/support.sinopetech.com\/en\/1.0\/1.5\/1.5.5\/1.5.5.1\/"},{"@type":"ListItem","position":6,"name":"On which surface should I install the Sinop\u00e9 water leak detector with remote sensor?"}]},{"@type":"WebSite","@id":"https:\/\/support.sinopetech.com\/en\/#website","url":"https:\/\/support.sinopetech.com\/en\/","name":"Sinope Support","description":"","publisher":{"@id":"https:\/\/support.sinopetech.com\/en\/#organization"},"potentialAction":[{"@type":"SearchAction","target":{"@type":"EntryPoint","urlTemplate":"https:\/\/support.sinopetech.com\/en\/?s={search_term_string}"},"query-input":"required name=search_term_string"}],"inLanguage":"fr-CA"},{"@type":"Organization","@id":"https:\/\/support.sinopetech.com\/en\/#organization","name":"Sinope Support","url":"https:\/\/support.sinopetech.com\/en\/","logo":{"@type":"ImageObject","inLanguage":"fr-CA","@id":"https:\/\/support.sinopetech.com\/en\/#\/schema\/logo\/image\/","url":"https:\/\/support.sinopetech.com\/en\/wp-content\/uploads\/sites\/9\/2020\/04\/logo-sinope-gris.png","contentUrl":"https:\/\/support.sinopetech.com\/en\/wp-content\/uploads\/sites\/9\/2020\/04\/logo-sinope-gris.png","width":994,"height":358,"caption":"Sinope Support"},"image":{"@id":"https:\/\/support.sinopetech.com\/en\/#\/schema\/logo\/image\/"}}]}},"_links":{"self":[{"href":"https:\/\/support.sinopetech.com\/en\/wp-json\/wp\/v2\/pages\/9779"}],"collection":[{"href":"https:\/\/support.sinopetech.com\/en\/wp-json\/wp\/v2\/pages"}],"about":[{"href":"https:\/\/support.sinopetech.com\/en\/wp-json\/wp\/v2\/types\/page"}],"author":[{"embeddable":true,"href":"https:\/\/support.sinopetech.com\/en\/wp-json\/wp\/v2\/users\/2"}],"replies":[{"embeddable":true,"href":"https:\/\/support.sinopetech.com\/en\/wp-json\/wp\/v2\/comments?post=9779"}],"version-history":[{"count":7,"href":"https:\/\/support.sinopetech.com\/en\/wp-json\/wp\/v2\/pages\/9779\/revisions"}],"predecessor-version":[{"id":19477,"href":"https:\/\/support.sinopetech.com\/en\/wp-json\/wp\/v2\/pages\/9779\/revisions\/19477"}],"up":[{"embeddable":true,"href":"https:\/\/support.sinopetech.com\/en\/wp-json\/wp\/v2\/pages\/9819"}],"wp:attachment":[{"href":"https:\/\/support.sinopetech.com\/en\/wp-json\/wp\/v2\/media?parent=9779"}],"wp:term":[{"taxonomy":"category","embeddable":true,"href":"https:\/\/support.sinopetech.com\/en\/wp-json\/wp\/v2\/categories?post=9779"},{"taxonomy":"post_tag","embeddable":true,"href":"https:\/\/support.sinopetech.com\/en\/wp-json\/wp\/v2\/tags?post=9779"},{"taxonomy":"unique_id","embeddable":true,"href":"https:\/\/support.sinopetech.com\/en\/wp-json\/wp\/v2\/unique_id?post=9779"}],"curies":[{"name":"wp","href":"https:\/\/api.w.org\/{rel}","templated":true}]}}