{"id":9787,"date":"2020-07-17T17:09:42","date_gmt":"2020-07-17T17:09:52","guid":{"rendered":"https:\/\/support.sinopetech.com\/dev\/accueil\/passerelle\/gt130\/quelle-est-la-distance-maximale-entre-la-passerelle-et-les-appareils-intelligents\/"},"modified":"2026-04-21T15:12:41","modified_gmt":"2026-04-21T19:12:41","slug":"distance-passerelle","status":"publish","type":"page","link":"https:\/\/support.sinopetech.com\/distance-passerelle\/","title":{"rendered":"Quelle est la distance maximale entre la passerelle et les appareils intelligents?"},"content":{"rendered":"\t\t<div data-elementor-type=\"wp-page\" data-elementor-id=\"9787\" class=\"elementor elementor-9787\" data-elementor-post-type=\"page\">\n\t\t\t\t<div class=\"elementor-element elementor-element-7bdabe75 article-titre e-flex e-con-boxed e-con e-parent\" data-id=\"7bdabe75\" data-element_type=\"container\" data-e-type=\"container\">\n\t\t\t\t\t<div class=\"e-con-inner\">\n\t\t\t\t<div class=\"elementor-element elementor-element-57837d83 elementor-widget elementor-widget-shortcode\" data-id=\"57837d83\" data-element_type=\"widget\" data-e-type=\"widget\" data-widget_type=\"shortcode.default\">\n\t\t\t\t<div class=\"elementor-widget-container\">\n\t\t\t\t\t\t\t<div class=\"elementor-shortcode\"><h1>Quelle est la distance maximale entre la passerelle et les appareils intelligents?<\/h1><\/div>\n\t\t\t\t\t\t<\/div>\n\t\t\t\t<\/div>\n\t\t\t\t\t<\/div>\n\t\t\t\t<\/div>\n\t\t<div class=\"elementor-element elementor-element-4957c83e case-bleu e-flex e-con-boxed e-con e-parent\" data-id=\"4957c83e\" data-element_type=\"container\" data-e-type=\"container\">\n\t\t\t\t\t<div class=\"e-con-inner\">\n\t\t\t\t<div class=\"elementor-element elementor-element-6d0597be elementor-widget elementor-widget-text-editor\" data-id=\"6d0597be\" data-element_type=\"widget\" data-e-type=\"widget\" data-widget_type=\"text-editor.default\">\n\t\t\t\t<div class=\"elementor-widget-container\">\n\t\t\t\t\t\t\t\t\t<p>Les appareils Sinop\u00e9 utilisent un r\u00e9seau maill\u00e9 o\u00f9 chaque appareil relaie le signal pour \u00e9tendre la port\u00e9e, qui d\u00e9pend du nombre d\u2019appareils, de la distance (max. recommand\u00e9e 18 m) et de l\u2019environnement. Pour de grandes distances, des appareils interm\u00e9diaires ou une passerelle suppl\u00e9mentaire peuvent \u00eatre n\u00e9cessaires. Les obstacles et interf\u00e9rences peuvent affecter la port\u00e9e.<\/p>\t\t\t\t\t\t\t\t<\/div>\n\t\t\t\t<\/div>\n\t\t\t\t\t<\/div>\n\t\t\t\t<\/div>\n\t\t<div class=\"elementor-element elementor-element-718e8e article-content e-flex e-con-boxed e-con e-parent\" data-id=\"718e8e\" data-element_type=\"container\" data-e-type=\"container\">\n\t\t\t\t\t<div class=\"e-con-inner\">\n\t\t\t\t<div class=\"elementor-element elementor-element-63afdb2e elementor-widget elementor-widget-text-editor\" data-id=\"63afdb2e\" data-element_type=\"widget\" data-e-type=\"widget\" data-widget_type=\"text-editor.default\">\n\t\t\t\t<div class=\"elementor-widget-container\">\n\t\t\t\t\t\t\t\t\t<p>Les appareils Sinop\u00e9 utilisent un <strong>r\u00e9seau maill\u00e9 (mesh)<\/strong>, ce qui signifie que chaque appareil peut relayer le signal et ainsi \u00e9tendre la port\u00e9e du r\u00e9seau.<\/p>\n<p>\u00a0<\/p>\n<p>La port\u00e9e d\u00e9pend donc :<\/p>\n<ul>\n<li>du nombre d\u2019appareils install\u00e9s ;<\/li>\n<li>de la distance entre eux ;<\/li>\n<li>de l\u2019environnement (murs, interf\u00e9rences, etc.).<br \/>\u00a0<\/li>\n<\/ul>\n<p>Pour un fonctionnement optimal, nous recommandons de respecter une distance maximale d\u2019<strong>environ 18 m (60 pi)<\/strong> entre chaque appareil.<br \/>\u00a0<\/p>\n<p><u>Cas particuliers<\/u><\/p>\n<p>Si la distance entre deux zones est importante (ex. : maison et garage d\u00e9tach\u00e9), il peut \u00eatre n\u00e9cessaire :<\/p>\n<ul>\n<li>d\u2019ajouter des appareils interm\u00e9diaires pour relayer le signal<\/li>\n<li>ou d\u2019installer une passerelle suppl\u00e9mentaire<\/li>\n<\/ul>\n<p>\u00a0<\/p>\n<figure class=\"table\">\n<table>\n<tbody>\n<tr>\n<td>\n<p><u>Important<\/u>\u00a0<\/p>\n<p>Les distances indiqu\u00e9es sont des valeurs recommand\u00e9es. Elles peuvent varier selon:<\/p>\n<ul>\n<li>la pr\u00e9sence d\u2019obstacles (murs, planchers, m\u00e9tal)<\/li>\n<li>les sources d\u2019interf\u00e9rence (Wi-Fi, appareils \u00e9lectroniques)<\/li>\n<\/ul>\n<\/td>\n<\/tr>\n<\/tbody>\n<\/table>\n<\/figure>\n<p>\u00a0<\/p>\n<p><span style=\"font-size: 14px;\"><i>Mod\u00e8les des produits associ\u00e9s \u00e0 cet article :\u00a0<\/i><\/span><\/p>\n<ul>\n<li class=\"ck-list-marker-italic\"><span style=\"font-size: 14px;\"><i>GT130, TH1123ZB, TH1124ZB, TH1134ZB-HC, TH1300ZB, TH1400ZB, TH1500ZB, HP6000ZB, RM3500ZB, RM3250ZB, SP2600ZB, SW2500ZB, DM2500ZB, DM2550ZB, MC3100ZB, LM4110-ZB, VA4220ZB, WL4210, WL4210S, WL4210C<\/i><\/span><\/li>\n<\/ul>\t\t\t\t\t\t\t\t<\/div>\n\t\t\t\t<\/div>\n\t\t\t\t<div class=\"elementor-element elementor-element-dd58779 elementor-widget-divider--view-line elementor-widget elementor-widget-global elementor-global-2118 elementor-widget-divider\" data-id=\"dd58779\" data-element_type=\"widget\" data-e-type=\"widget\" data-widget_type=\"divider.default\">\n\t\t\t\t<div class=\"elementor-widget-container\">\n\t\t\t\t\t\t\t<div class=\"elementor-divider\">\n\t\t\t<span class=\"elementor-divider-separator\">\n\t\t\t\t\t\t<\/span>\n\t\t<\/div>\n\t\t\t\t\t\t<\/div>\n\t\t\t\t<\/div>\n\t\t\t\t\t<\/div>\n\t\t\t\t<\/div>\n\t\t<div class=\"elementor-element elementor-element-dec7686 e-flex e-con-boxed e-con e-parent\" data-id=\"dec7686\" data-element_type=\"container\" data-e-type=\"container\">\n\t\t\t\t\t<div class=\"e-con-inner\">\n\t\t\t\t<div class=\"elementor-element elementor-element-4082ea52 article-a-ete-utilie elementor-widget elementor-widget-global elementor-global-42936 elementor-global-3828 elementor-widget-html\" data-id=\"4082ea52\" data-element_type=\"widget\" data-e-type=\"widget\" data-widget_type=\"html.default\">\n\t\t\t\t<div class=\"elementor-widget-container\">\n\t\t\t\t\t<style>\n    .article-a-ete-utilie.completed .probleme-resolu-received{\n        display:flex!important;\n    }\n    \n    .article-a-ete-utilie.completed .le-probleme-est-resolu{\n        display:none;\n    }\n<\/style>\n\n<div class=\"le-probleme-est-resolu\">\n    <h3>\n Was this article helpful to you?\n    <\/h3>\n    <ul>\n        <li type=\"1\" class=\"probleme-resolu btn-oui article-utile\">Yes<\/li>\n        <li type=\"0\" class=\"probleme-resolu btn-non declanche-support-form\">No<\/li>\n    <\/ul>\n    <div id=\"client-feedback-container\"><\/div>\n<\/div>\n\n<div class=\"probleme-resolu-received\" style=\"display:none; margin:1rem;\">\n   <svg xmlns=\"http:\/\/www.w3.org\/2000\/svg\" xmlns:xlink=\"http:\/\/www.w3.org\/1999\/xlink\" version=\"1.1\" id=\"Layer_1\" x=\"0px\" y=\"0px\" viewbox=\"0 0 117.72 117.72\" style=\"max-width:100px; margin:0 auto; display:inline-block; enable-background:new 0 0 117.72 117.72\" xml:space=\"preserve\"><g><path style=\"fill:#01A601;\" class=\"st0\" d=\"M58.86,0c9.13,0,17.77,2.08,25.49,5.79c-3.16,2.5-6.09,4.9-8.82,7.21c-5.2-1.89-10.81-2.92-16.66-2.92 c-13.47,0-25.67,5.46-34.49,14.29c-8.83,8.83-14.29,21.02-14.29,34.49c0,13.47,5.46,25.66,14.29,34.49 c8.83,8.83,21.02,14.29,34.49,14.29s25.67-5.46,34.49-14.29c8.83-8.83,14.29-21.02,14.29-34.49c0-3.2-0.31-6.34-0.9-9.37 c2.53-3.3,5.12-6.59,7.77-9.85c2.08,6.02,3.21,12.49,3.21,19.22c0,16.25-6.59,30.97-17.24,41.62 c-10.65,10.65-25.37,17.24-41.62,17.24c-16.25,0-30.97-6.59-41.62-17.24C6.59,89.83,0,75.11,0,58.86 c0-16.25,6.59-30.97,17.24-41.62S42.61,0,58.86,0L58.86,0z M31.44,49.19L45.8,49l1.07,0.28c2.9,1.67,5.63,3.58,8.18,5.74 c1.84,1.56,3.6,3.26,5.27,5.1c5.15-8.29,10.64-15.9,16.44-22.9c6.35-7.67,13.09-14.63,20.17-20.98l1.4-0.54H114l-3.16,3.51 C101.13,30,92.32,41.15,84.36,52.65C76.4,64.16,69.28,76.04,62.95,88.27l-1.97,3.8l-1.81-3.87c-3.34-7.17-7.34-13.75-12.11-19.63 c-4.77-5.88-10.32-11.1-16.79-15.54L31.44,49.19L31.44,49.19z\"><\/path><\/g>\n   <\/svg>\n<\/div>\n\n<script>\n    \n    window.addEventListener( \"load\", function(){\n        \n        \/*const btns_utile = document.querySelectorAll( \".probleme-resolu\" )\n        \n        btns_utile.forEach( (btn) =&gt; {\n            btn.addEventListener( \"click\", function(e){\n                e.preventDefault();\n                console.log( \"click\" )\n                const btn_attribute = e.target.getAttribute( \"type\" )\n                enregistre_feedback( btn_attribute ); \n            })\n        })\n        *\/\n        \n        document.body.addEventListener( \"click\", function(e){\n            \n            const is_utile_btn = e.target.closest( \".probleme-resolu\" )\n            if( is_utile_btn != null ){\n                e.preventDefault();\n                console.log( \"click\" )\n                const btn_attribute = e.target.getAttribute( \"type\" )\n                enregistre_feedback( btn_attribute ); \n            }\n            \n        })\n        \n    })\n    \n    async function enregistre_feedback( type ){\n        \n         try {\n             \n            const formData = new URLSearchParams();\n            formData.append('feedback', type );\n            formData.append('action', \"feedback_clients\" );\n            formData.append('post_id', the_post_id );\n            \n            console.log( \"support_ajax_url 1\")\n            console.log( support_ajax_url )\n            \n            if( support_ajax_url.indexOf( \"\/en\/\/\" ) != -1 ){\n                console.log( \"clitch detected\" )\n               support_ajax_url = support_ajax_url.replace( \"\/en\/\/\", \"\/en\/\" )\n            }\n            \n            console.log( \"support_ajax_url 2\")\n            console.log( support_ajax_url )\n\n            const response = await fetch( support_ajax_url, {\n              method: 'POST',\n              body: formData\n            });\n            \n        \n            if (!response.ok) {\n              throw new Error(`HTTP error! Status: ${response.status}`);\n            }\n            \n            if( type == 1 ){\n                const le_widget = document.querySelector(\".article-a-ete-utilie\")\n                le_widget.classList.add( \"completed\" )\n                \/\/ zE('messenger', 'close');\n            }else{\n                \/\/ document.getElementById( \"ouvre-support\" ).click()\n                \/\/  zE('messenger', 'open');\n            }\n            \n            return response;\n            \n          } catch (error) {\n            \/\/ Handle network errors or the error thrown above\n            console.error('Error posting data:', error.message);\n            throw error;\n          }\n    }\n    \n<\/script>\n\n\t\t\t\t<\/div>\n\t\t\t\t<\/div>\n\t\t\t\t\t<\/div>\n\t\t\t\t<\/div>\n\t\t\t\t<\/div>\n\t\t","protected":false},"excerpt":{"rendered":"","protected":false},"author":2,"featured_media":0,"parent":45845,"menu_order":6,"comment_status":"closed","ping_status":"closed","template":"","meta":{"_acf_changed":false,"footnotes":"","_wp_rev_ctl_limit":""},"categories":[20],"tags":[],"unique_id":[426],"class_list":["post-9787","page","type-page","status-publish","hentry","category-passerelle","unique_id-426"],"acf":[],"yoast_head":"<!-- This site is optimized with the Yoast SEO plugin v27.5 - https:\/\/yoast.com\/product\/yoast-seo-wordpress\/ -->\n<title>Quelle est la distance maximale entre la passerelle et les appareils intelligents? - Support Sinop\u00e9<\/title>\n<meta name=\"robots\" content=\"index, follow, max-snippet:-1, max-image-preview:large, max-video-preview:-1\" \/>\n<link rel=\"canonical\" href=\"https:\/\/support.sinopetech.com\/en\/distance-passerelle\/\" \/>\n<meta property=\"og:locale\" content=\"en_US\" \/>\n<meta property=\"og:type\" content=\"article\" \/>\n<meta property=\"og:title\" content=\"Quelle est la distance maximale entre la passerelle et les appareils intelligents? - Support Sinop\u00e9\" \/>\n<meta property=\"og:description\" content=\"Les appareils Sinop\u00e9 utilisent un r\u00e9seau maill\u00e9 o\u00f9 chaque appareil relaie le signal pour \u00e9tendre la port\u00e9e, qui d\u00e9pend du nombre d\u2019appareils, de la distance (max. recommand\u00e9e 18 m) et de l\u2019environnement. Pour de grandes distances, des appareils interm\u00e9diaires ou une passerelle suppl\u00e9mentaire peuvent \u00eatre n\u00e9cessaires. Les obstacles et interf\u00e9rences peuvent affecter la port\u00e9e. Les [&hellip;]\" \/>\n<meta property=\"og:url\" content=\"https:\/\/support.sinopetech.com\/distance-passerelle\/\" \/>\n<meta property=\"og:site_name\" content=\"Support Sinop\u00e9\" \/>\n<meta property=\"article:modified_time\" content=\"2026-04-21T19:12:41+00:00\" \/>\n<meta name=\"twitter:card\" content=\"summary_large_image\" \/>\n<meta name=\"twitter:label1\" content=\"Est. reading time\" \/>\n\t<meta name=\"twitter:data1\" content=\"2 minutes\" \/>\n<script type=\"application\/ld+json\" class=\"yoast-schema-graph\">{\"@context\":\"https:\\\/\\\/schema.org\",\"@graph\":[{\"@type\":\"WebPage\",\"@id\":\"https:\\\/\\\/support.sinopetech.com\\\/distance-passerelle\\\/\",\"url\":\"https:\\\/\\\/support.sinopetech.com\\\/distance-passerelle\\\/\",\"name\":\"Quelle est la distance maximale entre la passerelle et les appareils intelligents? - Support Sinop\u00e9\",\"isPartOf\":{\"@id\":\"https:\\\/\\\/support.sinopetech.com\\\/en\\\/#website\"},\"datePublished\":\"2020-07-17T17:09:52+00:00\",\"dateModified\":\"2026-04-21T19:12:41+00:00\",\"breadcrumb\":{\"@id\":\"https:\\\/\\\/support.sinopetech.com\\\/distance-passerelle\\\/#breadcrumb\"},\"inLanguage\":\"en-US\",\"potentialAction\":[{\"@type\":\"ReadAction\",\"target\":[\"https:\\\/\\\/support.sinopetech.com\\\/distance-passerelle\\\/\"]}]},{\"@type\":\"BreadcrumbList\",\"@id\":\"https:\\\/\\\/support.sinopetech.com\\\/distance-passerelle\\\/#breadcrumb\",\"itemListElement\":[{\"@type\":\"ListItem\",\"position\":1,\"name\":\"Home\",\"item\":\"https:\\\/\\\/support.sinopetech.com\\\/en\\\/home\\\/\"},{\"@type\":\"ListItem\",\"position\":2,\"name\":\"Contr\u00f4les sp\u00e9cialis\u00e9s\",\"item\":\"https:\\\/\\\/support.sinopetech.com\\\/en\\\/controle-specialise\\\/\"},{\"@type\":\"ListItem\",\"position\":3,\"name\":\"Passerelles\",\"item\":\"https:\\\/\\\/support.sinopetech.com\\\/en\\\/controle-specialise\\\/passerelles\\\/\"},{\"@type\":\"ListItem\",\"position\":4,\"name\":\"Articles passerelles\",\"item\":\"https:\\\/\\\/support.sinopetech.com\\\/en\\\/controle-specialise\\\/passerelles\\\/articles-passerelles\\\/\"},{\"@type\":\"ListItem\",\"position\":5,\"name\":\"Quelle est la distance maximale entre la passerelle et les appareils intelligents?\"}]},{\"@type\":\"WebSite\",\"@id\":\"https:\\\/\\\/support.sinopetech.com\\\/en\\\/#website\",\"url\":\"https:\\\/\\\/support.sinopetech.com\\\/en\\\/\",\"name\":\"Support Sinop\u00e9\",\"description\":\"\",\"publisher\":{\"@id\":\"https:\\\/\\\/support.sinopetech.com\\\/en\\\/#organization\"},\"potentialAction\":[{\"@type\":\"SearchAction\",\"target\":{\"@type\":\"EntryPoint\",\"urlTemplate\":\"https:\\\/\\\/support.sinopetech.com\\\/en\\\/?s={search_term_string}\"},\"query-input\":{\"@type\":\"PropertyValueSpecification\",\"valueRequired\":true,\"valueName\":\"search_term_string\"}}],\"inLanguage\":\"en-US\"},{\"@type\":\"Organization\",\"@id\":\"https:\\\/\\\/support.sinopetech.com\\\/en\\\/#organization\",\"name\":\"Support Sinop\u00e9\",\"url\":\"https:\\\/\\\/support.sinopetech.com\\\/en\\\/\",\"logo\":{\"@type\":\"ImageObject\",\"inLanguage\":\"en-US\",\"@id\":\"https:\\\/\\\/support.sinopetech.com\\\/en\\\/#\\\/schema\\\/logo\\\/image\\\/\",\"url\":\"https:\\\/\\\/support.sinopetech.com\\\/wp-content\\\/uploads\\\/2020\\\/04\\\/logo-sinope-gris.png\",\"contentUrl\":\"https:\\\/\\\/support.sinopetech.com\\\/wp-content\\\/uploads\\\/2020\\\/04\\\/logo-sinope-gris.png\",\"width\":994,\"height\":358,\"caption\":\"Support Sinop\u00e9\"},\"image\":{\"@id\":\"https:\\\/\\\/support.sinopetech.com\\\/en\\\/#\\\/schema\\\/logo\\\/image\\\/\"}}]}<\/script>\n<!-- \/ Yoast SEO plugin. -->","yoast_head_json":{"title":"Quelle est la distance maximale entre la passerelle et les appareils intelligents? - Support Sinop\u00e9","robots":{"index":"index","follow":"follow","max-snippet":"max-snippet:-1","max-image-preview":"max-image-preview:large","max-video-preview":"max-video-preview:-1"},"canonical":"https:\/\/support.sinopetech.com\/en\/distance-passerelle\/","og_locale":"en_US","og_type":"article","og_title":"Quelle est la distance maximale entre la passerelle et les appareils intelligents? - Support Sinop\u00e9","og_description":"Les appareils Sinop\u00e9 utilisent un r\u00e9seau maill\u00e9 o\u00f9 chaque appareil relaie le signal pour \u00e9tendre la port\u00e9e, qui d\u00e9pend du nombre d\u2019appareils, de la distance (max. recommand\u00e9e 18 m) et de l\u2019environnement. Pour de grandes distances, des appareils interm\u00e9diaires ou une passerelle suppl\u00e9mentaire peuvent \u00eatre n\u00e9cessaires. Les obstacles et interf\u00e9rences peuvent affecter la port\u00e9e. Les [&hellip;]","og_url":"https:\/\/support.sinopetech.com\/distance-passerelle\/","og_site_name":"Support Sinop\u00e9","article_modified_time":"2026-04-21T19:12:41+00:00","twitter_card":"summary_large_image","twitter_misc":{"Est. reading time":"2 minutes"},"schema":{"@context":"https:\/\/schema.org","@graph":[{"@type":"WebPage","@id":"https:\/\/support.sinopetech.com\/distance-passerelle\/","url":"https:\/\/support.sinopetech.com\/distance-passerelle\/","name":"Quelle est la distance maximale entre la passerelle et les appareils intelligents? - Support Sinop\u00e9","isPartOf":{"@id":"https:\/\/support.sinopetech.com\/en\/#website"},"datePublished":"2020-07-17T17:09:52+00:00","dateModified":"2026-04-21T19:12:41+00:00","breadcrumb":{"@id":"https:\/\/support.sinopetech.com\/distance-passerelle\/#breadcrumb"},"inLanguage":"en-US","potentialAction":[{"@type":"ReadAction","target":["https:\/\/support.sinopetech.com\/distance-passerelle\/"]}]},{"@type":"BreadcrumbList","@id":"https:\/\/support.sinopetech.com\/distance-passerelle\/#breadcrumb","itemListElement":[{"@type":"ListItem","position":1,"name":"Home","item":"https:\/\/support.sinopetech.com\/en\/home\/"},{"@type":"ListItem","position":2,"name":"Contr\u00f4les sp\u00e9cialis\u00e9s","item":"https:\/\/support.sinopetech.com\/en\/controle-specialise\/"},{"@type":"ListItem","position":3,"name":"Passerelles","item":"https:\/\/support.sinopetech.com\/en\/controle-specialise\/passerelles\/"},{"@type":"ListItem","position":4,"name":"Articles passerelles","item":"https:\/\/support.sinopetech.com\/en\/controle-specialise\/passerelles\/articles-passerelles\/"},{"@type":"ListItem","position":5,"name":"Quelle est la distance maximale entre la passerelle et les appareils intelligents?"}]},{"@type":"WebSite","@id":"https:\/\/support.sinopetech.com\/en\/#website","url":"https:\/\/support.sinopetech.com\/en\/","name":"Support Sinop\u00e9","description":"","publisher":{"@id":"https:\/\/support.sinopetech.com\/en\/#organization"},"potentialAction":[{"@type":"SearchAction","target":{"@type":"EntryPoint","urlTemplate":"https:\/\/support.sinopetech.com\/en\/?s={search_term_string}"},"query-input":{"@type":"PropertyValueSpecification","valueRequired":true,"valueName":"search_term_string"}}],"inLanguage":"en-US"},{"@type":"Organization","@id":"https:\/\/support.sinopetech.com\/en\/#organization","name":"Support Sinop\u00e9","url":"https:\/\/support.sinopetech.com\/en\/","logo":{"@type":"ImageObject","inLanguage":"en-US","@id":"https:\/\/support.sinopetech.com\/en\/#\/schema\/logo\/image\/","url":"https:\/\/support.sinopetech.com\/wp-content\/uploads\/2020\/04\/logo-sinope-gris.png","contentUrl":"https:\/\/support.sinopetech.com\/wp-content\/uploads\/2020\/04\/logo-sinope-gris.png","width":994,"height":358,"caption":"Support Sinop\u00e9"},"image":{"@id":"https:\/\/support.sinopetech.com\/en\/#\/schema\/logo\/image\/"}}]}},"_links":{"self":[{"href":"https:\/\/support.sinopetech.com\/en\/wp-json\/wp\/v2\/pages\/9787","targetHints":{"allow":["GET"]}}],"collection":[{"href":"https:\/\/support.sinopetech.com\/en\/wp-json\/wp\/v2\/pages"}],"about":[{"href":"https:\/\/support.sinopetech.com\/en\/wp-json\/wp\/v2\/types\/page"}],"author":[{"embeddable":true,"href":"https:\/\/support.sinopetech.com\/en\/wp-json\/wp\/v2\/users\/2"}],"replies":[{"embeddable":true,"href":"https:\/\/support.sinopetech.com\/en\/wp-json\/wp\/v2\/comments?post=9787"}],"version-history":[{"count":5,"href":"https:\/\/support.sinopetech.com\/en\/wp-json\/wp\/v2\/pages\/9787\/revisions"}],"predecessor-version":[{"id":52481,"href":"https:\/\/support.sinopetech.com\/en\/wp-json\/wp\/v2\/pages\/9787\/revisions\/52481"}],"up":[{"embeddable":true,"href":"https:\/\/support.sinopetech.com\/en\/wp-json\/wp\/v2\/pages\/45845"}],"wp:attachment":[{"href":"https:\/\/support.sinopetech.com\/en\/wp-json\/wp\/v2\/media?parent=9787"}],"wp:term":[{"taxonomy":"category","embeddable":true,"href":"https:\/\/support.sinopetech.com\/en\/wp-json\/wp\/v2\/categories?post=9787"},{"taxonomy":"post_tag","embeddable":true,"href":"https:\/\/support.sinopetech.com\/en\/wp-json\/wp\/v2\/tags?post=9787"},{"taxonomy":"unique_id","embeddable":true,"href":"https:\/\/support.sinopetech.com\/en\/wp-json\/wp\/v2\/unique_id?post=9787"}],"curies":[{"name":"wp","href":"https:\/\/api.w.org\/{rel}","templated":true}]}}